{"id":14,"date":"2023-09-23T10:00:39","date_gmt":"2023-09-23T10:00:39","guid":{"rendered":"http:\/\/larimarbookscape.com\/es\/?page_id=14"},"modified":"2023-09-23T10:34:55","modified_gmt":"2023-09-23T15:34:55","slug":"blog","status":"publish","type":"page","link":"https:\/\/larimarbookscape.com\/es\/blog\/","title":{"rendered":"Blog"},"content":{"rendered":"<p><img fetchpriority=\"high\" decoding=\"async\" class=\"alignnone size-medium wp-image-198 aligncenter\" src=\"https:\/\/larimarbookscape.com\/es\/wp-content\/uploads\/2023\/09\/Blog-Larimarbookscape-es-300x300.jpg\" alt=\"\" width=\"300\" height=\"300\" srcset=\"https:\/\/larimarbookscape.com\/es\/wp-content\/uploads\/2023\/09\/Blog-Larimarbookscape-es-300x300.jpg 300w, https:\/\/larimarbookscape.com\/es\/wp-content\/uploads\/2023\/09\/Blog-Larimarbookscape-es-150x150.jpg 150w, https:\/\/larimarbookscape.com\/es\/wp-content\/uploads\/2023\/09\/Blog-Larimarbookscape-es.jpg 400w\" sizes=\"(max-width: 300px) 100vw, 300px\" \/><\/p>\r\n<!-- \/wp:post-content -->\r\n\r\n<!-- wp:paragraph -->\r\n<p>\u00a1Bienvenido(a) a mi blog!<\/p>\r\n<p>Acomp\u00e1\u00f1ame en un viaje literario transformador mientras exploramos novelas cautivadoras, nos adentramos en el crecimiento personal y la espiritualidad, y descubrimos valiosas perspectivas sobre la gesti\u00f3n empresarial, a trav\u00e9s de los libros recomendados aqu\u00ed.<\/p>\r\n<p>Descubre textos literarios que evocan risas, l\u00e1grimas y una profunda conexi\u00f3n con las vidas de los personajes, permiti\u00e9ndote experimentar sus emociones mientras lees. D\u00e9jate inspirar y motivar mientras compartimos nuestros pensamientos y sentimientos sobre la literatura en una comunidad respetuosa.<\/p>\r\n<p>Adem\u00e1s, podr\u00e1s emprender un camino de autorreflexi\u00f3n, sanaci\u00f3n y llevar una vida m\u00e1s plena. Explora temas de meditaci\u00f3n, yoga, espiritualidad y desarrollo personal a trav\u00e9s de los libros recomendados en la secci\u00f3n de crecimiento personal y espiritual.<\/p>\r\n<p>Bas\u00e1ndome en mis 15 a\u00f1os de experiencia como ingeniera industrial, te guiar\u00e9 a trav\u00e9s de libros que aborden la gesti\u00f3n de negocios y las herramientas o tendencias \u00f3ptimas para alcanzar tus objetivos en la secci\u00f3n de gesti\u00f3n empresarial.<\/p>\r\n<p>Visita mi blog y emb\u00e1rcate en una aventura literaria que te inspirar\u00e1, motivar\u00e1 y transformar\u00e1 tu perspectiva a trav\u00e9s de los libros y el mundo digital.<\/p>\r\n<p>\u00a1Feliz lectura!<\/p>","protected":false},"excerpt":{"rendered":"<p>\u00a1Bienvenido(a) a mi blog! Acomp\u00e1\u00f1ame en un viaje literario transformador mientras exploramos novelas cautivadoras, nos&#8230;<\/p>\n","protected":false},"author":2,"featured_media":198,"parent":0,"menu_order":0,"comment_status":"closed","ping_status":"closed","template":"","meta":{"iawp_total_views":0,"footnotes":""},"class_list":["post-14","page","type-page","status-publish","has-post-thumbnail","hentry"],"yoast_head":"<!-- This site is optimized with the Yoast SEO plugin v25.5 - https:\/\/yoast.com\/wordpress\/plugins\/seo\/ -->\n<title>Blog - Larimar Bookscape<\/title>\n<meta name=\"description\" content=\"\u00danete a un viaje literario transformador: exploraremos novelas cautivadoras, experimentando las emociones de los personajes y compartiendo reflexiones en una comunidad respetuosa. Adem\u00e1s, descubre sobre el crecimiento personal y la espiritualidad a trav\u00e9s de los libros recomendados aqu\u00ed.\" \/>\n<meta name=\"robots\" content=\"index, follow, max-snippet:-1, max-image-preview:large, max-video-preview:-1\" \/>\n<link rel=\"canonical\" href=\"https:\/\/larimarbookscape.com\/es\/blog\/\" \/>\n<meta property=\"og:locale\" content=\"es_ES\" \/>\n<meta property=\"og:type\" content=\"article\" \/>\n<meta property=\"og:title\" content=\"Blog - Larimar Bookscape\" \/>\n<meta property=\"og:description\" content=\"\u00danete a un viaje literario transformador: exploraremos novelas cautivadoras, experimentando las emociones de los personajes y compartiendo reflexiones en una comunidad respetuosa. Adem\u00e1s, descubre sobre el crecimiento personal y la espiritualidad a trav\u00e9s de los libros recomendados aqu\u00ed.\" \/>\n<meta property=\"og:url\" content=\"https:\/\/larimarbookscape.com\/es\/blog\/\" \/>\n<meta property=\"og:site_name\" content=\"Larimar Bookscape\" \/>\n<meta property=\"article:modified_time\" content=\"2023-09-23T15:34:55+00:00\" \/>\n<meta property=\"og:image\" content=\"https:\/\/larimarbookscape.com\/es\/wp-content\/uploads\/2023\/09\/Blog-Larimarbookscape-es.jpg\" \/>\n\t<meta property=\"og:image:width\" content=\"400\" \/>\n\t<meta property=\"og:image:height\" content=\"400\" \/>\n\t<meta property=\"og:image:type\" content=\"image\/jpeg\" \/>\n<meta name=\"twitter:card\" content=\"summary_large_image\" \/>\n<meta name=\"twitter:label1\" content=\"Tiempo de lectura\" \/>\n\t<meta name=\"twitter:data1\" content=\"2 minutos\" \/>\n<script type=\"application\/ld+json\" class=\"yoast-schema-graph\">{\"@context\":\"https:\/\/schema.org\",\"@graph\":[{\"@type\":\"WebPage\",\"@id\":\"https:\/\/larimarbookscape.com\/es\/blog\/\",\"url\":\"https:\/\/larimarbookscape.com\/es\/blog\/\",\"name\":\"Blog - Larimar Bookscape\",\"isPartOf\":{\"@id\":\"https:\/\/larimarbookscape.com\/es\/#website\"},\"primaryImageOfPage\":{\"@id\":\"https:\/\/larimarbookscape.com\/es\/blog\/#primaryimage\"},\"image\":{\"@id\":\"https:\/\/larimarbookscape.com\/es\/blog\/#primaryimage\"},\"thumbnailUrl\":\"https:\/\/larimarbookscape.com\/es\/wp-content\/uploads\/2023\/09\/Blog-Larimarbookscape-es.jpg\",\"datePublished\":\"2023-09-23T10:00:39+00:00\",\"dateModified\":\"2023-09-23T15:34:55+00:00\",\"description\":\"\u00danete a un viaje literario transformador: exploraremos novelas cautivadoras, experimentando las emociones de los personajes y compartiendo reflexiones en una comunidad respetuosa. Adem\u00e1s, descubre sobre el crecimiento personal y la espiritualidad a trav\u00e9s de los libros recomendados aqu\u00ed.\",\"breadcrumb\":{\"@id\":\"https:\/\/larimarbookscape.com\/es\/blog\/#breadcrumb\"},\"inLanguage\":\"es\",\"potentialAction\":[{\"@type\":\"ReadAction\",\"target\":[\"https:\/\/larimarbookscape.com\/es\/blog\/\"]}]},{\"@type\":\"ImageObject\",\"inLanguage\":\"es\",\"@id\":\"https:\/\/larimarbookscape.com\/es\/blog\/#primaryimage\",\"url\":\"https:\/\/larimarbookscape.com\/es\/wp-content\/uploads\/2023\/09\/Blog-Larimarbookscape-es.jpg\",\"contentUrl\":\"https:\/\/larimarbookscape.com\/es\/wp-content\/uploads\/2023\/09\/Blog-Larimarbookscape-es.jpg\",\"width\":400,\"height\":400},{\"@type\":\"BreadcrumbList\",\"@id\":\"https:\/\/larimarbookscape.com\/es\/blog\/#breadcrumb\",\"itemListElement\":[{\"@type\":\"ListItem\",\"position\":1,\"name\":\"Portada\",\"item\":\"https:\/\/larimarbookscape.com\/es\/\"},{\"@type\":\"ListItem\",\"position\":2,\"name\":\"Blog\"}]},{\"@type\":\"WebSite\",\"@id\":\"https:\/\/larimarbookscape.com\/es\/#website\",\"url\":\"https:\/\/larimarbookscape.com\/es\/\",\"name\":\"Larimar Bookscape\",\"description\":\"Un lugar para inspirarse\",\"potentialAction\":[{\"@type\":\"SearchAction\",\"target\":{\"@type\":\"EntryPoint\",\"urlTemplate\":\"https:\/\/larimarbookscape.com\/es\/?s={search_term_string}\"},\"query-input\":{\"@type\":\"PropertyValueSpecification\",\"valueRequired\":true,\"valueName\":\"search_term_string\"}}],\"inLanguage\":\"es\"}]}<\/script>\n<!-- \/ Yoast SEO plugin. -->","yoast_head_json":{"title":"Blog - Larimar Bookscape","description":"\u00danete a un viaje literario transformador: exploraremos novelas cautivadoras, experimentando las emociones de los personajes y compartiendo reflexiones en una comunidad respetuosa. Adem\u00e1s, descubre sobre el crecimiento personal y la espiritualidad a trav\u00e9s de los libros recomendados aqu\u00ed.","robots":{"index":"index","follow":"follow","max-snippet":"max-snippet:-1","max-image-preview":"max-image-preview:large","max-video-preview":"max-video-preview:-1"},"canonical":"https:\/\/larimarbookscape.com\/es\/blog\/","og_locale":"es_ES","og_type":"article","og_title":"Blog - Larimar Bookscape","og_description":"\u00danete a un viaje literario transformador: exploraremos novelas cautivadoras, experimentando las emociones de los personajes y compartiendo reflexiones en una comunidad respetuosa. Adem\u00e1s, descubre sobre el crecimiento personal y la espiritualidad a trav\u00e9s de los libros recomendados aqu\u00ed.","og_url":"https:\/\/larimarbookscape.com\/es\/blog\/","og_site_name":"Larimar Bookscape","article_modified_time":"2023-09-23T15:34:55+00:00","og_image":[{"width":400,"height":400,"url":"https:\/\/larimarbookscape.com\/es\/wp-content\/uploads\/2023\/09\/Blog-Larimarbookscape-es.jpg","type":"image\/jpeg"}],"twitter_card":"summary_large_image","twitter_misc":{"Tiempo de lectura":"2 minutos"},"schema":{"@context":"https:\/\/schema.org","@graph":[{"@type":"WebPage","@id":"https:\/\/larimarbookscape.com\/es\/blog\/","url":"https:\/\/larimarbookscape.com\/es\/blog\/","name":"Blog - Larimar Bookscape","isPartOf":{"@id":"https:\/\/larimarbookscape.com\/es\/#website"},"primaryImageOfPage":{"@id":"https:\/\/larimarbookscape.com\/es\/blog\/#primaryimage"},"image":{"@id":"https:\/\/larimarbookscape.com\/es\/blog\/#primaryimage"},"thumbnailUrl":"https:\/\/larimarbookscape.com\/es\/wp-content\/uploads\/2023\/09\/Blog-Larimarbookscape-es.jpg","datePublished":"2023-09-23T10:00:39+00:00","dateModified":"2023-09-23T15:34:55+00:00","description":"\u00danete a un viaje literario transformador: exploraremos novelas cautivadoras, experimentando las emociones de los personajes y compartiendo reflexiones en una comunidad respetuosa. Adem\u00e1s, descubre sobre el crecimiento personal y la espiritualidad a trav\u00e9s de los libros recomendados aqu\u00ed.","breadcrumb":{"@id":"https:\/\/larimarbookscape.com\/es\/blog\/#breadcrumb"},"inLanguage":"es","potentialAction":[{"@type":"ReadAction","target":["https:\/\/larimarbookscape.com\/es\/blog\/"]}]},{"@type":"ImageObject","inLanguage":"es","@id":"https:\/\/larimarbookscape.com\/es\/blog\/#primaryimage","url":"https:\/\/larimarbookscape.com\/es\/wp-content\/uploads\/2023\/09\/Blog-Larimarbookscape-es.jpg","contentUrl":"https:\/\/larimarbookscape.com\/es\/wp-content\/uploads\/2023\/09\/Blog-Larimarbookscape-es.jpg","width":400,"height":400},{"@type":"BreadcrumbList","@id":"https:\/\/larimarbookscape.com\/es\/blog\/#breadcrumb","itemListElement":[{"@type":"ListItem","position":1,"name":"Portada","item":"https:\/\/larimarbookscape.com\/es\/"},{"@type":"ListItem","position":2,"name":"Blog"}]},{"@type":"WebSite","@id":"https:\/\/larimarbookscape.com\/es\/#website","url":"https:\/\/larimarbookscape.com\/es\/","name":"Larimar Bookscape","description":"Un lugar para inspirarse","potentialAction":[{"@type":"SearchAction","target":{"@type":"EntryPoint","urlTemplate":"https:\/\/larimarbookscape.com\/es\/?s={search_term_string}"},"query-input":{"@type":"PropertyValueSpecification","valueRequired":true,"valueName":"search_term_string"}}],"inLanguage":"es"}]}},"_links":{"self":[{"href":"https:\/\/larimarbookscape.com\/es\/wp-json\/wp\/v2\/pages\/14","targetHints":{"allow":["GET"]}}],"collection":[{"href":"https:\/\/larimarbookscape.com\/es\/wp-json\/wp\/v2\/pages"}],"about":[{"href":"https:\/\/larimarbookscape.com\/es\/wp-json\/wp\/v2\/types\/page"}],"author":[{"embeddable":true,"href":"https:\/\/larimarbookscape.com\/es\/wp-json\/wp\/v2\/users\/2"}],"replies":[{"embeddable":true,"href":"https:\/\/larimarbookscape.com\/es\/wp-json\/wp\/v2\/comments?post=14"}],"version-history":[{"count":11,"href":"https:\/\/larimarbookscape.com\/es\/wp-json\/wp\/v2\/pages\/14\/revisions"}],"predecessor-version":[{"id":216,"href":"https:\/\/larimarbookscape.com\/es\/wp-json\/wp\/v2\/pages\/14\/revisions\/216"}],"wp:featuredmedia":[{"embeddable":true,"href":"https:\/\/larimarbookscape.com\/es\/wp-json\/wp\/v2\/media\/198"}],"wp:attachment":[{"href":"https:\/\/larimarbookscape.com\/es\/wp-json\/wp\/v2\/media?parent=14"}],"curies":[{"name":"wp","href":"https:\/\/api.w.org\/{rel}","templated":true}]}}